{"id":131,"date":"2018-06-01T14:00:56","date_gmt":"2018-06-01T14:00:56","guid":{"rendered":"https:\/\/logopaedie-hueckeswagen.de\/logo\/?page_id=131"},"modified":"2024-11-25T12:59:57","modified_gmt":"2024-11-25T12:59:57","slug":"datenschutzerklaerung","status":"publish","type":"page","link":"https:\/\/logopaedie-hueckeswagen.de\/logo\/datenschutzerklaerung\/","title":{"rendered":"Datenschutzerkl\u00e4rung"},"content":{"rendered":"\t\t<div data-elementor-type=\"wp-page\" data-elementor-id=\"131\" class=\"elementor elementor-131\" data-elementor-post-type=\"page\">\n\t\t\t\t\t\t<section class=\"elementor-section elementor-top-section elementor-element elementor-element-132f28c2 elementor-section-height-min-height elementor-section-content-middle elementor-hidden-phone elementor-section-boxed elementor-section-height-default elementor-section-items-middle\" data-id=\"132f28c2\" data-element_type=\"section\" data-e-type=\"section\" data-settings=\"{&quot;background_background&quot;:&quot;classic&quot;,&quot;sticky&quot;:&quot;top&quot;,&quot;sticky_on&quot;:[&quot;desktop&quot;,&quot;tablet&quot;,&quot;mobile&quot;],&quot;sticky_offset&quot;:0,&quot;sticky_effects_offset&quot;:0,&quot;sticky_anchor_link_offset&quot;:0}\">\n\t\t\t\t\t\t<div class=\"elementor-container elementor-column-gap-default\">\n\t\t\t\t\t<div class=\"elementor-column elementor-col-50 elementor-top-column elementor-element elementor-element-1df93fb5\" data-id=\"1df93fb5\" data-element_type=\"column\" data-e-type=\"column\">\n\t\t\t<div class=\"elementor-widget-wrap elementor-element-populated\">\n\t\t\t\t\t\t<div class=\"elementor-element elementor-element-10d2b791 elementor-icon-list--layout-inline elementor-mobile-align-center elementor-hidden-phone elementor-list-item-link-full_width elementor-widget elementor-widget-icon-list\" data-id=\"10d2b791\" data-element_type=\"widget\" data-e-type=\"widget\" data-widget_type=\"icon-list.default\">\n\t\t\t\t<div class=\"elementor-widget-container\">\n\t\t\t\t\t\t\t<ul class=\"elementor-icon-list-items elementor-inline-items\">\n\t\t\t\t\t\t\t<li class=\"elementor-icon-list-item elementor-inline-item\">\n\t\t\t\t\t\t\t\t\t\t\t<span class=\"elementor-icon-list-icon\">\n\t\t\t\t\t\t\t<i aria-hidden=\"true\" class=\"fas fa-phone\"><\/i>\t\t\t\t\t\t<\/span>\n\t\t\t\t\t\t\t\t\t\t<span class=\"elementor-icon-list-text\">02192 - 93 627 58<\/span>\n\t\t\t\t\t\t\t\t\t<\/li>\n\t\t\t\t\t\t\t\t<li class=\"elementor-icon-list-item elementor-inline-item\">\n\t\t\t\t\t\t\t\t\t\t\t<span class=\"elementor-icon-list-icon\">\n\t\t\t\t\t\t\t<i aria-hidden=\"true\" class=\"far fa-envelope\"><\/i>\t\t\t\t\t\t<\/span>\n\t\t\t\t\t\t\t\t\t\t<span class=\"elementor-icon-list-text\">info@logopaedie-hueckeswagen.de<\/span>\n\t\t\t\t\t\t\t\t\t<\/li>\n\t\t\t\t\t\t\t\t<li class=\"elementor-icon-list-item elementor-inline-item\">\n\t\t\t\t\t\t\t\t\t\t\t<span class=\"elementor-icon-list-icon\">\n\t\t\t\t\t\t\t<i aria-hidden=\"true\" class=\"fas fa-fax\"><\/i>\t\t\t\t\t\t<\/span>\n\t\t\t\t\t\t\t\t\t\t<span class=\"elementor-icon-list-text\">02192 - 93 627 59<\/span>\n\t\t\t\t\t\t\t\t\t<\/li>\n\t\t\t\t\t\t\t\t<li class=\"elementor-icon-list-item elementor-inline-item\">\n\t\t\t\t\t\t\t\t\t\t\t<span class=\"elementor-icon-list-icon\">\n\t\t\t\t\t\t\t<i aria-hidden=\"true\" class=\"far fa-clock\"><\/i>\t\t\t\t\t\t<\/span>\n\t\t\t\t\t\t\t\t\t\t<span class=\"elementor-icon-list-text\">Mo - Fr: 8:30 - 17:30 Termine nur nach Vereinbarung<\/span>\n\t\t\t\t\t\t\t\t\t<\/li>\n\t\t\t\t\t\t\t\t<li class=\"elementor-icon-list-item elementor-inline-item\">\n\t\t\t\t\t\t\t\t\t\t\t<span class=\"elementor-icon-list-icon\">\n\t\t\t\t\t\t\t<i aria-hidden=\"true\" class=\"fas fa-home\"><\/i>\t\t\t\t\t\t<\/span>\n\t\t\t\t\t\t\t\t\t\t<span class=\"elementor-icon-list-text\">Br\u00fccke 23, 42499 H\u00fcckeswagen<\/span>\n\t\t\t\t\t\t\t\t\t<\/li>\n\t\t\t\t\t\t<\/ul>\n\t\t\t\t\t\t<\/div>\n\t\t\t\t<\/div>\n\t\t\t\t\t<\/div>\n\t\t<\/div>\n\t\t\t\t<div class=\"elementor-column elementor-col-50 elementor-top-column elementor-element elementor-element-4d5ce45b\" data-id=\"4d5ce45b\" data-element_type=\"column\" data-e-type=\"column\">\n\t\t\t<div class=\"elementor-widget-wrap elementor-element-populated\">\n\t\t\t\t\t\t<div class=\"elementor-element elementor-element-48ccf66a e-grid-align-right e-grid-align-mobile-center elementor-shape-rounded elementor-grid-0 elementor-widget elementor-widget-social-icons\" data-id=\"48ccf66a\" data-element_type=\"widget\" data-e-type=\"widget\" data-widget_type=\"social-icons.default\">\n\t\t\t\t<div class=\"elementor-widget-container\">\n\t\t\t\t\t\t\t<div class=\"elementor-social-icons-wrapper elementor-grid\">\n\t\t\t\t\t\t\t<span class=\"elementor-grid-item\">\n\t\t\t\t\t<a class=\"elementor-icon elementor-social-icon elementor-social-icon-facebook elementor-repeater-item-5646027\" target=\"_blank\">\n\t\t\t\t\t\t<span class=\"elementor-screen-only\">Facebook<\/span>\n\t\t\t\t\t\t\t\t\t\t\t\t\t<i class=\"fa fa-facebook\" aria-hidden=\"true\"><\/i>\n\t\t\t\t\t\t\t\t\t\t\t<\/a>\n\t\t\t\t<\/span>\n\t\t\t\t\t<\/div>\n\t\t\t\t\t\t<\/div>\n\t\t\t\t<\/div>\n\t\t\t\t\t<\/div>\n\t\t<\/div>\n\t\t\t\t\t<\/div>\n\t\t<\/section>\n\t\t\t\t<section class=\"elementor-section elementor-top-section elementor-element elementor-element-4ac7f217 elementor-section-content-middle elementor-section-boxed elementor-section-height-default elementor-section-height-default\" data-id=\"4ac7f217\" data-element_type=\"section\" data-e-type=\"section\" data-settings=\"{&quot;background_background&quot;:&quot;classic&quot;,&quot;sticky&quot;:&quot;top&quot;,&quot;sticky_offset&quot;:45,&quot;sticky_on&quot;:[&quot;desktop&quot;,&quot;tablet&quot;,&quot;mobile&quot;],&quot;sticky_effects_offset&quot;:0,&quot;sticky_anchor_link_offset&quot;:0}\">\n\t\t\t\t\t\t<div class=\"elementor-container elementor-column-gap-no\">\n\t\t\t\t\t<div class=\"elementor-column elementor-col-50 elementor-top-column elementor-element elementor-element-69f96edc\" data-id=\"69f96edc\" data-element_type=\"column\" data-e-type=\"column\">\n\t\t\t<div class=\"elementor-widget-wrap elementor-element-populated\">\n\t\t\t\t\t\t<div class=\"elementor-element elementor-element-1834349d elementor-widget elementor-widget-theme-site-logo elementor-widget-image\" data-id=\"1834349d\" data-element_type=\"widget\" data-e-type=\"widget\" data-widget_type=\"theme-site-logo.default\">\n\t\t\t\t<div class=\"elementor-widget-container\">\n\t\t\t\t\t\t\t\t\t\t\t<a href=\"https:\/\/logopaedie-hueckeswagen.de\/logo\">\n\t\t\t<img decoding=\"async\" width=\"194\" height=\"250\" src=\"https:\/\/logopaedie-hueckeswagen.de\/logo\/wp-content\/uploads\/2018\/06\/cropped-Logo-_gotter_eicker.png\" class=\"attachment-medium size-medium wp-image-168\" alt=\"\" sizes=\"100vw\" \/>\t\t\t\t<\/a>\n\t\t\t\t\t\t\t\t\t\t\t<\/div>\n\t\t\t\t<\/div>\n\t\t\t\t\t<\/div>\n\t\t<\/div>\n\t\t\t\t<div class=\"elementor-column elementor-col-50 elementor-top-column elementor-element elementor-element-284b55be\" data-id=\"284b55be\" data-element_type=\"column\" data-e-type=\"column\">\n\t\t\t<div class=\"elementor-widget-wrap elementor-element-populated\">\n\t\t\t\t\t\t<div class=\"elementor-element elementor-element-718b465d elementor-nav-menu__align-center elementor-nav-menu--dropdown-mobile elementor-nav-menu__text-align-aside elementor-nav-menu--toggle elementor-nav-menu--burger elementor-widget elementor-widget-nav-menu\" data-id=\"718b465d\" data-element_type=\"widget\" data-e-type=\"widget\" data-settings=\"{&quot;layout&quot;:&quot;horizontal&quot;,&quot;submenu_icon&quot;:{&quot;value&quot;:&quot;&lt;i class=\\&quot;fas fa-caret-down\\&quot; aria-hidden=\\&quot;true\\&quot;&gt;&lt;\\\/i&gt;&quot;,&quot;library&quot;:&quot;fa-solid&quot;},&quot;toggle&quot;:&quot;burger&quot;}\" data-widget_type=\"nav-menu.default\">\n\t\t\t\t<div class=\"elementor-widget-container\">\n\t\t\t\t\t\t\t\t<nav aria-label=\"Men\u00fc\" class=\"elementor-nav-menu--main elementor-nav-menu__container elementor-nav-menu--layout-horizontal e--pointer-underline e--animation-drop-in\">\n\t\t\t\t<ul id=\"menu-1-718b465d\" class=\"elementor-nav-menu\"><li class=\"menu-item menu-item-type-post_type menu-item-object-page menu-item-home menu-item-31\"><a href=\"https:\/\/logopaedie-hueckeswagen.de\/logo\/\" class=\"elementor-item\">Home<\/a><\/li>\n<li class=\"menu-item menu-item-type-custom menu-item-object-custom menu-item-has-children menu-item-298\"><a class=\"elementor-item\">Leistungen<\/a>\n<ul class=\"sub-menu elementor-nav-menu--dropdown\">\n\t<li class=\"menu-item menu-item-type-post_type menu-item-object-page menu-item-178\"><a href=\"https:\/\/logopaedie-hueckeswagen.de\/logo\/therapien-fuer-erwachsene\/\" class=\"elementor-sub-item\">Therapien f\u00fcr Erwachsene<\/a><\/li>\n\t<li class=\"menu-item menu-item-type-post_type menu-item-object-page menu-item-179\"><a href=\"https:\/\/logopaedie-hueckeswagen.de\/logo\/therapie-fuer-kinder-und-jugendliche\/\" class=\"elementor-sub-item\">Therapien f\u00fcr Kinder und Jugendliche<\/a><\/li>\n<\/ul>\n<\/li>\n<li class=\"menu-item menu-item-type-post_type menu-item-object-page menu-item-177\"><a href=\"https:\/\/logopaedie-hueckeswagen.de\/logo\/lerntherapie\/\" class=\"elementor-item\">Lerntherapie<\/a><\/li>\n<li class=\"menu-item menu-item-type-post_type menu-item-object-page menu-item-219\"><a href=\"https:\/\/logopaedie-hueckeswagen.de\/logo\/unsere-praxis\/\" class=\"elementor-item\">Unsere Praxis<\/a><\/li>\n<li class=\"menu-item menu-item-type-post_type menu-item-object-page menu-item-609\"><a href=\"https:\/\/logopaedie-hueckeswagen.de\/logo\/karriere\/\" class=\"elementor-item\">Karriere<\/a><\/li>\n<li class=\"menu-item menu-item-type-post_type menu-item-object-page menu-item-186\"><a href=\"https:\/\/logopaedie-hueckeswagen.de\/logo\/kontakt\/\" class=\"elementor-item\">Kontakt<\/a><\/li>\n<\/ul>\t\t\t<\/nav>\n\t\t\t\t\t<div class=\"elementor-menu-toggle\" role=\"button\" tabindex=\"0\" aria-label=\"Men\u00fc Umschalter\" aria-expanded=\"false\">\n\t\t\t<i aria-hidden=\"true\" role=\"presentation\" class=\"elementor-menu-toggle__icon--open eicon-menu-bar\"><\/i><i aria-hidden=\"true\" role=\"presentation\" class=\"elementor-menu-toggle__icon--close eicon-close\"><\/i>\t\t<\/div>\n\t\t\t\t\t<nav class=\"elementor-nav-menu--dropdown elementor-nav-menu__container\" aria-hidden=\"true\">\n\t\t\t\t<ul id=\"menu-2-718b465d\" class=\"elementor-nav-menu\"><li class=\"menu-item menu-item-type-post_type menu-item-object-page menu-item-home menu-item-31\"><a href=\"https:\/\/logopaedie-hueckeswagen.de\/logo\/\" class=\"elementor-item\" tabindex=\"-1\">Home<\/a><\/li>\n<li class=\"menu-item menu-item-type-custom menu-item-object-custom menu-item-has-children menu-item-298\"><a class=\"elementor-item\" tabindex=\"-1\">Leistungen<\/a>\n<ul class=\"sub-menu elementor-nav-menu--dropdown\">\n\t<li class=\"menu-item menu-item-type-post_type menu-item-object-page menu-item-178\"><a href=\"https:\/\/logopaedie-hueckeswagen.de\/logo\/therapien-fuer-erwachsene\/\" class=\"elementor-sub-item\" tabindex=\"-1\">Therapien f\u00fcr Erwachsene<\/a><\/li>\n\t<li class=\"menu-item menu-item-type-post_type menu-item-object-page menu-item-179\"><a href=\"https:\/\/logopaedie-hueckeswagen.de\/logo\/therapie-fuer-kinder-und-jugendliche\/\" class=\"elementor-sub-item\" tabindex=\"-1\">Therapien f\u00fcr Kinder und Jugendliche<\/a><\/li>\n<\/ul>\n<\/li>\n<li class=\"menu-item menu-item-type-post_type menu-item-object-page menu-item-177\"><a href=\"https:\/\/logopaedie-hueckeswagen.de\/logo\/lerntherapie\/\" class=\"elementor-item\" tabindex=\"-1\">Lerntherapie<\/a><\/li>\n<li class=\"menu-item menu-item-type-post_type menu-item-object-page menu-item-219\"><a href=\"https:\/\/logopaedie-hueckeswagen.de\/logo\/unsere-praxis\/\" class=\"elementor-item\" tabindex=\"-1\">Unsere Praxis<\/a><\/li>\n<li class=\"menu-item menu-item-type-post_type menu-item-object-page menu-item-609\"><a href=\"https:\/\/logopaedie-hueckeswagen.de\/logo\/karriere\/\" class=\"elementor-item\" tabindex=\"-1\">Karriere<\/a><\/li>\n<li class=\"menu-item menu-item-type-post_type menu-item-object-page menu-item-186\"><a href=\"https:\/\/logopaedie-hueckeswagen.de\/logo\/kontakt\/\" class=\"elementor-item\" tabindex=\"-1\">Kontakt<\/a><\/li>\n<\/ul>\t\t\t<\/nav>\n\t\t\t\t\t\t<\/div>\n\t\t\t\t<\/div>\n\t\t\t\t\t<\/div>\n\t\t<\/div>\n\t\t\t\t\t<\/div>\n\t\t<\/section>\n\t\t\t\t<section class=\"elementor-section elementor-top-section elementor-element elementor-element-36ef019 elementor-section-boxed elementor-section-height-default elementor-section-height-default\" data-id=\"36ef019\" data-element_type=\"section\" data-e-type=\"section\">\n\t\t\t\t\t\t<div class=\"elementor-container elementor-column-gap-default\">\n\t\t\t\t\t<div class=\"elementor-column elementor-col-100 elementor-top-column elementor-element elementor-element-058c49c\" data-id=\"058c49c\" data-element_type=\"column\" data-e-type=\"column\">\n\t\t\t<div class=\"elementor-widget-wrap elementor-element-populated\">\n\t\t\t\t\t\t<div class=\"elementor-element elementor-element-51946a6 elementor-widget elementor-widget-heading\" data-id=\"51946a6\" data-element_type=\"widget\" data-e-type=\"widget\" data-widget_type=\"heading.default\">\n\t\t\t\t<div class=\"elementor-widget-container\">\n\t\t\t\t\t<h2 class=\"elementor-heading-title elementor-size-default\">Datenschutzerkl\u00e4rung<\/h2>\t\t\t\t<\/div>\n\t\t\t\t<\/div>\n\t\t\t\t<div class=\"elementor-element elementor-element-1736a3e elementor-widget elementor-widget-text-editor\" data-id=\"1736a3e\" data-element_type=\"widget\" data-e-type=\"widget\" data-widget_type=\"text-editor.default\">\n\t\t\t\t<div class=\"elementor-widget-container\">\n\t\t\t\t\t\t\t\t\t<div class=\"elementor-container elementor-column-gap-default\"><div class=\"elementor-row\"><div class=\"elementor-element elementor-element-2731eaa4 elementor-column elementor-col-100 elementor-top-column\" data-id=\"2731eaa4\" data-element_type=\"column\"><div class=\"elementor-column-wrap elementor-element-populated\"><div class=\"elementor-widget-wrap\"><div class=\"elementor-element elementor-element-6912aed8 elementor-widget elementor-widget-text-editor\" data-id=\"6912aed8\" data-element_type=\"text-editor.default\"><div class=\"elementor-widget-container\"><div class=\"elementor-text-editor elementor-clearfix\"><p>Datenschutzerkl\u00e4rung<\/p><p>Diese Website (nachfolgend \u201eWebsite\u201c) wird bereitgestellt von der Praxis f\u00fcr Logop\u00e4die Eicker &amp; Gotter (nachfolgend \u201euns\u201c oder \u201ewir\u201c). Weitere Informationen zum Anbieter der Website finden Sie in unserem Impressum.<\/p><p>A. Umgang mit personenbezogenen Daten<\/p><p>Im Folgenden m\u00f6chten wir Sie \u00fcber unseren Umgang mit personenbezogenen Daten bei der Nutzung dieser Website informieren. Soweit in den folgenden Abschnitten nicht anders beschrieben, folgt die Rechtsgrundlage f\u00fcr einen Umgang mit Ihren personenbezogenen Daten aus der Erforderlichkeit eines Umgangs f\u00fcr die Bereitstellung der auf dieser Website von Ihnen angefragten Funktionalit\u00e4ten (Art. 6(1)(b) Datenschutz-Grundverordnung).<\/p><p>I. Nutzung der Website<\/p><p>1. Aufruf der Website<\/p><p>Wenn Sie unsere Website aufrufen, \u00fcbertr\u00e4gt Ihr Browser technisch bedingt bestimmte Daten an unseren Webserver, um Ihnen die von Ihnen aufgerufenen Informationen zur Verf\u00fcgung zu stellen. Um Ihnen den Besuch der Website zu erm\u00f6glichen, werden dabei folgende Daten erhoben, kurzfristig gespeichert und verwendet:<br \/>IP-Adresse<br \/>Datum und Uhrzeit der Anfrage<br \/>Zeitzonendifferenz zur Greenwich Mean Time (GMT)<br \/>Inhalt der Anforderung (konkrete Seite)<br \/>Betriebssystem und dessen Zugriffsstatus \/ HTTP-Statuscode<br \/>\u00dcbertragene Datenmenge<br \/>Website, von der die Anforderung kommt<br \/>Browser, Sprache und Version der Browsersoftware<\/p><p>Dar\u00fcber hinaus speichern wir zur Wahrung unserer berechtigten Interessen diese Daten f\u00fcr eine begrenzte Zeit, um im Falle unzul\u00e4ssiger Zugriffe bzw. Zugriffsversuche auf hiesige Server, eine Herleitung zu personenbezogenen Daten zu veranlassen (Art. 6(1)(f) Datenschutz-Grundverordnung).<\/p><p>2. Nutzung von Kontaktformularen<\/p><p>\u00dcber auf der Website bereitgestellte Kontaktformulare k\u00f6nnen Sie direkt mit uns in Verbindung treten. Sie haben dabei die M\u00f6glichkeit, uns insbesondere folgende Informationen mitzuteilen:<br \/>Vor- und Nachname,<br \/>Kontaktdetails (z.B. E-Mail-Adresse, Adresse, Telefonnummer)<br \/>Nachricht<\/p><p>Wir erheben, verarbeiten und nutzen die von Ihnen \u00fcber Kontaktformulare mitgeteilten Informationen ausschlie\u00dflich f\u00fcr die Bearbeitung Ihres konkreten Anliegens.<\/p><p>3. Externe Dienste und Inhalte auf unserer Website<\/p><p>Wir binden externe Dienste oder Inhalte auf unserer Website ein. Wenn Sie einen solchen Dienst verwenden oder wenn Ihnen Inhalte Dritter angezeigt werden, werden technisch bedingt Kommunikationsdaten zwischen Ihnen und dem jeweiligen Anbieter ausgetauscht.<\/p><p>Dar\u00fcber hinaus kann es sein, dass der Anbieter der jeweiligen Dienste oder Inhalte Ihre Daten f\u00fcr weitere, eigene Zwecke verarbeitet. Dienste oder Inhalte von Anbietern, die bekannterma\u00dfen Daten f\u00fcr eigene Zwecke verarbeiten, haben wir nach bestem Wissen und Gewissen so konfiguriert, dass entweder eine Kommunikation f\u00fcr andere Zwecke als zur Darstellung der Inhalte bzw. Dienste auf unserer Website unterbleibt, oder eine Kommunikation erst dann stattfindet, wenn Sie sich aktiv dazu entscheiden, den Dienst zu verwenden. Da wir aber keinen Einfluss auf die von Dritten erhobenen Daten und deren Verarbeitung durch diese haben, k\u00f6nnen wir zu Zweck und Umfang der Verarbeitung Ihrer Daten keine verbindlichen Angaben machen.<\/p><p>Weitere Informationen \u00fcber Zweck und Umfang der Erhebung und Verarbeitung Ihrer Daten entnehmen Sie daher bitte den Datenschutzhinweisen der jeweils datenschutzrechtlich verantwortlichen Anbieter der von uns eingebundenen Dienste bzw. Inhalte:<br \/>Facebook<br \/>Google Maps (https:\/\/policies.google.com\/privacy?hl=de)<\/p><p>II. Weitergabe von Daten zur Verarbeitung in unserem Auftrag<\/p><p>Zur Verarbeitung Ihrer Daten setzen wir zum Teil spezialisierte Dienstleister ein. Unsere Dienstleister werden von uns sorgf\u00e4ltig ausgew\u00e4hlt und regelm\u00e4\u00dfig kontrolliert. Sie verarbeiten personenbezogene Daten nur in unserem Auftrag und strikt nach unseren Weisungen auf der Grundlage entsprechender Vertr\u00e4ge \u00fcber eine Auftragsverarbeitung.<\/p><p>III. Informationen \u00fcber Ihre Rechte<\/p><p>Die folgenden Rechte stehen Ihnen aufgrund der anwendbaren Datenschutzgesetze zur Verf\u00fcgung:<br \/>Recht auf Auskunft \u00fcber die bei uns zu Ihrer Person gespeicherten Daten;<br \/>Recht auf Berichtigung, L\u00f6schung oder Einschr\u00e4nkung der Verarbeitung Ihrer personenbezogenen Daten;<br \/>Recht auf Widerspruch gegen eine Verarbeitung, die unserem berechtigten Interesse, einem \u00f6ffentlichen Interesse oder einem Profiling dient, es sei denn, wir k\u00f6nnen zwingende schutzw\u00fcrdige Gr\u00fcnde f\u00fcr die Verarbeitung nachweisen, die Ihre Interessen, Rechte und Freiheiten \u00fcberwiegen, oder die Verarbeitung dient der Geltendmachung, Aus\u00fcbung oder Verteidigung von Rechtsanspr\u00fcchen;<br \/>Recht auf Daten\u00fcbertragbarkeit;<br \/>Recht sich bei einer Aufsichtsbeh\u00f6rde zu beschweren;<br \/>Von Ihnen erteilte Einwilligungen zur Erhebung, Verarbeitung und Nutzung Ihrer personenbezogenen Daten k\u00f6nnen Sie jederzeit mit Wirkung f\u00fcr die Zukunft widerrufen. N\u00e4here Informationen hierzu finden Sie in den jeweiligen Abschnitten oben, wo eine Datenverarbeitung auf Grundlage Ihrer Einwilligung beschrieben wird.<\/p><p>Falls Sie von Ihren Rechten Gebrauch machen m\u00f6chten, richten Sie bitte Ihr Anliegen an den unten genannten Ansprechpartner.<\/p><p>Katrin Eicker<\/p><p>Br\u00fccke 23<br \/>42499 H\u00fcckeswagen<\/p><p>Wir behalten uns vor, diese Datenschutzerkl\u00e4rung von Zeit zu Zeit zu aktualisieren. Aktualisierungen dieser Datenschutzerkl\u00e4rung werden auf unserer Website ver\u00f6ffentlicht. \u00c4nderungen gelten ab ihrer Publikation auf unserer Website. Wir empfehlen Ihnen daher, diese Seite regelm\u00e4\u00dfig zu besuchen, um sich \u00fcber gegebenenfalls erfolgte Aktualisierungen zu informieren.<\/p><p>Stand: Mai 2018<\/p><\/div><\/div><\/div><\/div><\/div><\/div><\/div><\/div>\t\t\t\t\t\t\t\t<\/div>\n\t\t\t\t<\/div>\n\t\t\t\t\t<\/div>\n\t\t<\/div>\n\t\t\t\t\t<\/div>\n\t\t<\/section>\n\t\t\t\t<section class=\"elementor-section elementor-top-section elementor-element elementor-element-6049c9 elementor-section-content-middle elementor-section-boxed elementor-section-height-default elementor-section-height-default\" data-id=\"6049c9\" data-element_type=\"section\" data-e-type=\"section\" data-settings=\"{&quot;background_background&quot;:&quot;classic&quot;}\">\n\t\t\t\t\t\t<div class=\"elementor-container elementor-column-gap-default\">\n\t\t\t\t\t<div class=\"elementor-column elementor-col-100 elementor-top-column elementor-element elementor-element-191770af\" data-id=\"191770af\" data-element_type=\"column\" data-e-type=\"column\">\n\t\t\t<div class=\"elementor-widget-wrap elementor-element-populated\">\n\t\t\t\t\t\t<section class=\"elementor-section elementor-inner-section elementor-element elementor-element-2636c458 elementor-section-content-middle elementor-section-boxed elementor-section-height-default elementor-section-height-default\" data-id=\"2636c458\" data-element_type=\"section\" data-e-type=\"section\">\n\t\t\t\t\t\t<div class=\"elementor-container elementor-column-gap-default\">\n\t\t\t\t\t<div class=\"elementor-column elementor-col-100 elementor-inner-column elementor-element elementor-element-77099624\" data-id=\"77099624\" data-element_type=\"column\" data-e-type=\"column\">\n\t\t\t<div class=\"elementor-widget-wrap elementor-element-populated\">\n\t\t\t\t\t\t<div class=\"elementor-element elementor-element-6a91ae9c elementor-widget elementor-widget-text-editor\" data-id=\"6a91ae9c\" data-element_type=\"widget\" data-e-type=\"widget\" data-widget_type=\"text-editor.default\">\n\t\t\t\t<div class=\"elementor-widget-container\">\n\t\t\t\t\t\t\t\t\t<p>\u00a9 2018 GV DESIGN | <a href=\"https:\/\/logopaedie-hueckeswagen.de\/logo\/impressum\/\">Impressum<\/a> | <a href=\"https:\/\/logopaedie-hueckeswagen.de\/logo\/datenschutzerklaerung\/\">Datenschutzerkl\u00e4rung<\/a><\/p>\t\t\t\t\t\t\t\t<\/div>\n\t\t\t\t<\/div>\n\t\t\t\t\t<\/div>\n\t\t<\/div>\n\t\t\t\t\t<\/div>\n\t\t<\/section>\n\t\t\t\t\t<\/div>\n\t\t<\/div>\n\t\t\t\t\t<\/div>\n\t\t<\/section>\n\t\t\t\t<\/div>\n\t\t","protected":false},"excerpt":{"rendered":"<p>02192 &#8211; 93 627 58 info@logopaedie-hueckeswagen.de 02192 &#8211; 93 627 59 Mo &#8211; Fr: 8:30 &#8211; 17:30 Termine nur nach Vereinbarung Br\u00fccke 23, 42499 H\u00fcckeswagen Facebook Datenschutzerkl\u00e4rung Datenschutzerkl\u00e4rung Diese Website (nachfolgend \u201eWebsite\u201c) wird bereitgestellt von der Praxis f\u00fcr Logop\u00e4die Eicker &amp; Gotter (nachfolgend \u201euns\u201c oder \u201ewir\u201c). Weitere Informationen zum Anbieter der Website finden Sie in &hellip; <\/p>\n<p class=\"link-more\"><a href=\"https:\/\/logopaedie-hueckeswagen.de\/logo\/datenschutzerklaerung\/\" class=\"more-link\"><span class=\"screen-reader-text\">\u201eDatenschutzerkl\u00e4rung\u201c <\/span>weiterlesen<\/a><\/p>\n","protected":false},"author":2,"featured_media":0,"parent":0,"menu_order":0,"comment_status":"closed","ping_status":"closed","template":"elementor_canvas","meta":{"footnotes":""},"class_list":["post-131","page","type-page","status-publish","hentry"],"_links":{"self":[{"href":"https:\/\/logopaedie-hueckeswagen.de\/logo\/wp-json\/wp\/v2\/pages\/131","targetHints":{"allow":["GET"]}}],"collection":[{"href":"https:\/\/logopaedie-hueckeswagen.de\/logo\/wp-json\/wp\/v2\/pages"}],"about":[{"href":"https:\/\/logopaedie-hueckeswagen.de\/logo\/wp-json\/wp\/v2\/types\/page"}],"author":[{"embeddable":true,"href":"https:\/\/logopaedie-hueckeswagen.de\/logo\/wp-json\/wp\/v2\/users\/2"}],"replies":[{"embeddable":true,"href":"https:\/\/logopaedie-hueckeswagen.de\/logo\/wp-json\/wp\/v2\/comments?post=131"}],"version-history":[{"count":21,"href":"https:\/\/logopaedie-hueckeswagen.de\/logo\/wp-json\/wp\/v2\/pages\/131\/revisions"}],"predecessor-version":[{"id":798,"href":"https:\/\/logopaedie-hueckeswagen.de\/logo\/wp-json\/wp\/v2\/pages\/131\/revisions\/798"}],"wp:attachment":[{"href":"https:\/\/logopaedie-hueckeswagen.de\/logo\/wp-json\/wp\/v2\/media?parent=131"}],"curies":[{"name":"wp","href":"https:\/\/api.w.org\/{rel}","templated":true}]}}